{"id":66,"date":"2016-10-25T06:36:42","date_gmt":"2016-10-25T04:36:42","guid":{"rendered":"http:\/\/www.niagnua.net\/?page_id=66"},"modified":"2024-02-05T15:31:04","modified_gmt":"2024-02-05T14:31:04","slug":"impressumkontakt","status":"publish","type":"page","link":"https:\/\/www.niagnua.net\/?page_id=66","title":{"rendered":"Impressum\/Kontakt"},"content":{"rendered":"<header class=\"entry-header\"><strong><em>F\u00fcr den Inhalt verantwortlich:<\/em><\/strong><\/header>\n<header class=\"entry-header\"><strong><em><br \/>\nKulturinitiative St. Andr\u00e4<\/em><\/strong><\/header>\n<div class=\"entry-content\">\n<p><strong><em> ZVR: \u00a0571935718<br \/>\nSt. \u00a0Andr\u00e4 \u00a0 100<br \/>\n<\/em><\/strong><strong><em>9433 St. \u00a0Andr\u00e4<\/em><em><br \/>\nTel. \u00a00677 64 440 5622<br \/>\n<\/em><em>E-Mail: \u00a0office@niagnua.net<\/em><\/strong><\/p>\n<p><strong>Bankverbindung: AT 87 2070 6046 0070 8921<\/strong><\/p>\n<p style=\"text-align: justify;\"><em><strong>Haftungsausschluss<\/strong><\/em><br \/>\nDie <strong><em>Kulturinitiative St. Andr\u00e4\u00a0\u00a0<\/em><\/strong>ist bem\u00fcht, st\u00e4ndig richtige und vollst\u00e4ndige Informationen auf dieser Homepage anzubieten. Allerdings wird keine Haftung f\u00fcr die Richtigkeit der zur Verf\u00fcgung gestellten Informationen \u00fcbernommen. Alle Angaben erfolgen ohne Gew\u00e4hr. Eine Haftung f\u00fcr Sch\u00e4den, die sich durch die Verwendung von www.niagnua.net und www.niagnua.at sowie deren ver\u00f6ffentlichten Inhalte oder Services ergeben, ist ausgeschlossen.<\/p>\n<\/div>\n","protected":false},"excerpt":{"rendered":"<p>F\u00fcr den Inhalt verantwortlich: Kulturinitiative St. Andr\u00e4 ZVR: \u00a0571935718 St. \u00a0Andr\u00e4 \u00a0 100 9433 St. \u00a0Andr\u00e4 Tel. \u00a00677 64 440 5622 E-Mail: \u00a0office@niagnua.net Bankverbindung: AT 87 2070 6046 0070 8921 Haftungsausschluss Die Kulturinitiative St. Andr\u00e4\u00a0\u00a0ist bem\u00fcht, st\u00e4ndig richtige und vollst\u00e4ndige<\/p>\n","protected":false},"author":3,"featured_media":0,"parent":0,"menu_order":8,"comment_status":"closed","ping_status":"closed","template":"","meta":{"footnotes":""},"class_list":["post-66","page","type-page","status-publish","hentry"],"_links":{"self":[{"href":"https:\/\/www.niagnua.net\/index.php?rest_route=\/wp\/v2\/pages\/66","targetHints":{"allow":["GET"]}}],"collection":[{"href":"https:\/\/www.niagnua.net\/index.php?rest_route=\/wp\/v2\/pages"}],"about":[{"href":"https:\/\/www.niagnua.net\/index.php?rest_route=\/wp\/v2\/types\/page"}],"author":[{"embeddable":true,"href":"https:\/\/www.niagnua.net\/index.php?rest_route=\/wp\/v2\/users\/3"}],"replies":[{"embeddable":true,"href":"https:\/\/www.niagnua.net\/index.php?rest_route=%2Fwp%2Fv2%2Fcomments&post=66"}],"version-history":[{"count":16,"href":"https:\/\/www.niagnua.net\/index.php?rest_route=\/wp\/v2\/pages\/66\/revisions"}],"predecessor-version":[{"id":1442,"href":"https:\/\/www.niagnua.net\/index.php?rest_route=\/wp\/v2\/pages\/66\/revisions\/1442"}],"wp:attachment":[{"href":"https:\/\/www.niagnua.net\/index.php?rest_route=%2Fwp%2Fv2%2Fmedia&parent=66"}],"curies":[{"name":"wp","href":"https:\/\/api.w.org\/{rel}","templated":true}]}}