{"id":514,"date":"2024-09-11T14:18:29","date_gmt":"2024-09-11T12:18:29","guid":{"rendered":"http:\/\/www.niagnua.net\/?page_id=514"},"modified":"2024-09-11T14:18:29","modified_gmt":"2024-09-11T12:18:29","slug":"datenschutzerklaerung","status":"publish","type":"page","link":"https:\/\/www.niagnua.net\/?page_id=514","title":{"rendered":"Datenschutzerkl\u00e4rung"},"content":{"rendered":"\n<h2 class=\"wp-block-heading\">Wer wir sind<\/h2>\n\n\n\n<p>Die Adresse unserer Website ist: https:\/\/www.niagnua.net.<\/p>\n\n\n\n<p><em><strong>Haftungsausschluss<\/strong><\/em><br>Die\u00a0<strong><em>Kulturinitiative St. Andr\u00e4\u00a0\u00a0<\/em><\/strong>ist bem\u00fcht, st\u00e4ndig richtige und vollst\u00e4ndige Informationen auf dieser Homepage anzubieten. Allerdings wird keine Haftung f\u00fcr die Richtigkeit der zur Verf\u00fcgung gestellten Informationen \u00fcbernommen. Alle Angaben erfolgen ohne Gew\u00e4hr. Eine Haftung f\u00fcr Sch\u00e4den, die sich durch die Verwendung von www.niagnua.net und www.niagnua.at sowie deren ver\u00f6ffentlichten Inhalte oder Services ergeben, ist ausgeschlossen.<\/p>\n\n\n\n<h3 class=\"wp-block-heading\">DATENSCHUTZERKL\u00c4RUNG<\/h3>\n\n\n\n<p>Die\u00a0<strong><em>Kulturinitiative St. Andr\u00e4<\/em><\/strong> ist der Schutz Ihrer pers\u00f6nlichen Daten ein besonderes Anliegen und nimmt Ihren Datenschutz sehr ernst. Die <strong><em>Kulturinitiative<\/em><\/strong> behandelt daher Ihre personenbezogenen Daten vertraulich und daher ausschlie\u00dflich auf Grundlage der gesetzlichen Bestimmungen (DSGVO, TKG 2003). Sie werden nunmehr in dieser Datenschutzerkl\u00e4rung dar\u00fcber informiert, wie die <strong><em>Kulturinitiative<\/em><\/strong> Daten, welche von ihr erhoben werden, verarbeitet. Ausdr\u00fccklich wird darauf hingewiesen, dass die Daten\u00fcbertragung im Internet grunds\u00e4tzlich mit Sicherheitsl\u00fccken behaftet sein kann. Ein vollumf\u00e4nglicher Schutz vor dem Zugriff durch Fremde kann trotz hoher Sorgfalt daher nicht mit absoluter Sicherheit gew\u00e4hrleistet werden. Ohne elektronische Datenverarbeitung w\u00e4re der <strong><em>Kulturinitiative<\/em><\/strong> aber die Erf\u00fcllung der an sie gestellten Aufgaben nicht mehr m\u00f6glich.<\/p>\n\n\n\n<h3 class=\"wp-block-heading\">Kontakt mit uns<\/h3>\n\n\n\n<p>Wenn Sie per Formular auf der Website oder per E-Mail Kontakt mit uns aufnehmen, werden die von Ihnen angegebenen Daten zwecks Bearbeitung der Anfrage und f\u00fcr den Fall von Anschlussfragen sechs Monate bei uns gespeichert. Diese Daten geben wir nicht ohne Ihre Einwilligung weiter.<\/p>\n\n\n\n<h3 class=\"wp-block-heading\">Cookies<\/h3>\n\n\n\n<p>Werden von der <strong><em>Kulturinitiative<\/em><\/strong> nicht verwendet.<\/p>\n\n\n\n<h3 class=\"wp-block-heading\">Web-Analyse<\/h3>\n\n\n\n<p>Werden von der<strong><em> Kulturinitiative<\/em><\/strong> nicht durchgef\u00fchrt.<\/p>\n\n\n\n<h2 class=\"wp-block-heading\">Bestell Formelar<\/h2>\n\n\n\n<p>Wenn Sie per Bestell Formular auf der Website oder per E-Mail Kontakt mit uns aufnehmen, werden die von Ihnen angegebenen Daten zwecks Bearbeitung der Bestellung und f\u00fcr den Fall von Anschlussfragen sechs Monate bei uns gespeichert. Diese Daten geben wir nicht ohne Ihre Einwilligung weiter.<\/p>\n\n\n\n<h3 class=\"wp-block-heading\">Ihre Rechte<\/h3>\n\n\n\n<p>Ihnen stehen grunds\u00e4tzlich die Rechte auf Auskunft, Berichtigung, L\u00f6schung, Einschr\u00e4nkung, Daten\u00fcbertragbarkeit, Widerruf und Widerspruch zu. Zur Aus\u00fcbung dieser Rechte nehmen Sie bitte mit uns (wie unten angef\u00fchrt) Kontakt auf. Wenn Sie glauben, dass die Verarbeitung Ihrer Daten gegen das Datenschutzrecht verst\u00f6\u00dft oder Ihre datenschutzrechtlichen Anspr\u00fcche sonst in irgendeiner Weise verletzt worden sind, k\u00f6nnen Sie sich bei der Aufsichtsbeh\u00f6rde beschweren: \u00d6sterreichische Datenschutzbeh\u00f6rde, Wickenburggasse 8, 1080 Wien \u2013 Telefon: +43 1 52 1 52-0, E-Mail:&nbsp;<a href=\"mailto:dsb@dsb.gv.at\">dsb@dsb.gv.at<\/a><\/p>\n","protected":false},"excerpt":{"rendered":"<p>Wer wir sind Die Adresse unserer Website ist: https:\/\/www.niagnua.net. HaftungsausschlussDie\u00a0Kulturinitiative St. Andr\u00e4\u00a0\u00a0ist bem\u00fcht, st\u00e4ndig richtige und vollst\u00e4ndige Informationen auf dieser Homepage anzubieten. Allerdings wird keine Haftung f\u00fcr die Richtigkeit der zur Verf\u00fcgung gestellten Informationen \u00fcbernommen. Alle Angaben erfolgen ohne Gew\u00e4hr.<\/p>\n","protected":false},"author":4,"featured_media":0,"parent":0,"menu_order":0,"comment_status":"closed","ping_status":"closed","template":"","meta":{"footnotes":""},"class_list":["post-514","page","type-page","status-publish","hentry"],"_links":{"self":[{"href":"https:\/\/www.niagnua.net\/index.php?rest_route=\/wp\/v2\/pages\/514","targetHints":{"allow":["GET"]}}],"collection":[{"href":"https:\/\/www.niagnua.net\/index.php?rest_route=\/wp\/v2\/pages"}],"about":[{"href":"https:\/\/www.niagnua.net\/index.php?rest_route=\/wp\/v2\/types\/page"}],"author":[{"embeddable":true,"href":"https:\/\/www.niagnua.net\/index.php?rest_route=\/wp\/v2\/users\/4"}],"replies":[{"embeddable":true,"href":"https:\/\/www.niagnua.net\/index.php?rest_route=%2Fwp%2Fv2%2Fcomments&post=514"}],"version-history":[{"count":3,"href":"https:\/\/www.niagnua.net\/index.php?rest_route=\/wp\/v2\/pages\/514\/revisions"}],"predecessor-version":[{"id":1315,"href":"https:\/\/www.niagnua.net\/index.php?rest_route=\/wp\/v2\/pages\/514\/revisions\/1315"}],"wp:attachment":[{"href":"https:\/\/www.niagnua.net\/index.php?rest_route=%2Fwp%2Fv2%2Fmedia&parent=514"}],"curies":[{"name":"wp","href":"https:\/\/api.w.org\/{rel}","templated":true}]}}