{"id":1385,"date":"2024-01-23T17:32:08","date_gmt":"2024-01-23T16:32:08","guid":{"rendered":"http:\/\/www.niagnua.net\/?page_id=1385"},"modified":"2026-02-17T11:06:03","modified_gmt":"2026-02-17T10:06:03","slug":"nia-gnua-2025","status":"publish","type":"page","link":"https:\/\/www.niagnua.net\/?page_id=1385","title":{"rendered":"Nia Gnua 2027"},"content":{"rendered":"\n<p class=\"has-text-align-center\">Unsere Sitzungstermine f\u00fcr 2027 stehen bereits fest und wir bieten euch die M\u00f6glichkeit, bereits Karten f\u00fcr die kommende Spielsaison zu reservieren. <\/p>\n\n\n\n<p class=\"has-text-align-center\">Wir werden die Reservierung f\u00fcr das kommende Jahr aufnehmen und melden uns mit der Vergabe der Karten ab dem Verkaufsstart am 11.11.2026. Je Karte steht ein nummerierter Sitzplatz sowie Garderobenplatz f\u00fcr die Faschingssitzung 2027 zur Verf\u00fcgung.<\/p>\n\n\n\n<div class=\"wp-block-group is-layout-constrained wp-block-group-is-layout-constrained\">\n<ul class=\"wp-block-list\"><\/ul>\n<\/div>\n\n\n\n<div class=\"wp-block-group is-layout-constrained wp-block-group-is-layout-constrained\">\n<div class=\"wp-block-columns is-layout-flex wp-container-core-columns-is-layout-28f84493 wp-block-columns-is-layout-flex\">\n<div class=\"wp-block-column is-layout-flow wp-block-column-is-layout-flow\" style=\"flex-basis:100%\"><style id=\"wpforms-css-vars-1503-block-781da5ae-f9f6-46e9-a70c-54ebc49e920f\">\n\t\t\t\t#wpforms-1503.wpforms-block-781da5ae-f9f6-46e9-a70c-54ebc49e920f {\n\t\t\t\t--wpforms-label-color: #ffffff;\n--wpforms-label-sublabel-color: #ffffff;\n--wpforms-field-border-color: rgba(0, 0, 0, 0.25);\n--wpforms-field-border-color-spare: rgba(0, 0, 0, 0.25);\n--wpforms-field-text-color: #000000;\n--wpforms-field-size-input-height: 43px;\n--wpforms-field-size-input-spacing: 15px;\n--wpforms-field-size-font-size: 16px;\n--wpforms-field-size-line-height: 19px;\n--wpforms-field-size-padding-h: 14px;\n--wpforms-field-size-checkbox-size: 16px;\n--wpforms-field-size-sublabel-spacing: 5px;\n--wpforms-field-size-icon-size: 1;\n--wpforms-label-size-font-size: 16px;\n--wpforms-label-size-line-height: 19px;\n--wpforms-label-size-sublabel-font-size: 14px;\n--wpforms-label-size-sublabel-line-height: 17px;\n--wpforms-button-size-font-size: 17px;\n--wpforms-button-size-height: 41px;\n--wpforms-button-size-padding-h: 15px;\n--wpforms-button-size-margin-top: 10px;\n\t\t\t}\n\t\t\t<\/style><div class=\"wpforms-container wpforms-container-full wpforms-block wpforms-block-781da5ae-f9f6-46e9-a70c-54ebc49e920f wpforms-render-modern\" id=\"wpforms-1503\"><form id=\"wpforms-form-1503\" class=\"wpforms-validate wpforms-form wpforms-ajax-form\" data-formid=\"1503\" method=\"post\" enctype=\"multipart\/form-data\" action=\"\/index.php?rest_route=%2Fwp%2Fv2%2Fpages%2F1385\" data-token=\"7e05627c5e2f8eaa1a544a470e6d307f\" data-token-time=\"1778408392\"><noscript class=\"wpforms-error-noscript\">Bitte aktiviere JavaScript in deinem Browser, um dieses Formular fertigzustellen.<\/noscript><div id=\"wpforms-error-noscript\" style=\"display: none;\">Bitte aktiviere JavaScript in deinem Browser, um dieses Formular fertigzustellen.<\/div><div class=\"wpforms-field-container\"><div id=\"wpforms-1503-field_1-container\" class=\"wpforms-field wpforms-field-name\" data-field-id=\"1\"><fieldset><legend class=\"wpforms-field-label\">Name <span class=\"wpforms-required-label\" aria-hidden=\"true\">*<\/span><\/legend><div class=\"wpforms-field-row wpforms-field-medium\"><div class=\"wpforms-field-row-block wpforms-first wpforms-one-half\"><input type=\"text\" id=\"wpforms-1503-field_1\" class=\"wpforms-field-name-first wpforms-field-required\" name=\"wpforms[fields][1][first]\" aria-errormessage=\"wpforms-1503-field_1-error\" required><label for=\"wpforms-1503-field_1\" class=\"wpforms-field-sublabel after\">Vorname<\/label><\/div><div class=\"wpforms-field-row-block wpforms-one-half\"><input type=\"text\" id=\"wpforms-1503-field_1-last\" class=\"wpforms-field-name-last wpforms-field-required\" name=\"wpforms[fields][1][last]\" aria-errormessage=\"wpforms-1503-field_1-last-error\" required><label for=\"wpforms-1503-field_1-last\" class=\"wpforms-field-sublabel after\">Nachname<\/label><\/div><\/div><\/fieldset><\/div><div id=\"wpforms-1503-field_3-container\" class=\"wpforms-field wpforms-field-text\" data-field-id=\"3\"><label class=\"wpforms-field-label\" for=\"wpforms-1503-field_3\">Stra\u00dfe &amp; Hausnummer <span class=\"wpforms-required-label\" aria-hidden=\"true\">*<\/span><\/label><input type=\"text\" id=\"wpforms-1503-field_3\" class=\"wpforms-field-medium wpforms-field-required\" name=\"wpforms[fields][3]\" aria-errormessage=\"wpforms-1503-field_3-error\" required><\/div><div id=\"wpforms-1503-field_9-container\" class=\"wpforms-field wpforms-field-text\" data-field-id=\"9\"><label class=\"wpforms-field-label\" for=\"wpforms-1503-field_9\">Postleitzahl &amp; Ort <span class=\"wpforms-required-label\" aria-hidden=\"true\">*<\/span><\/label><input type=\"text\" id=\"wpforms-1503-field_9\" class=\"wpforms-field-medium wpforms-field-required\" name=\"wpforms[fields][9]\" aria-errormessage=\"wpforms-1503-field_9-error\" required><\/div>\t\t<div id=\"wpforms-1503-field_2-container\"\n\t\t\tclass=\"wpforms-field wpforms-field-text\"\n\t\t\tdata-field-type=\"text\"\n\t\t\tdata-field-id=\"2\"\n\t\t\t>\n\t\t\t<label class=\"wpforms-field-label\" for=\"wpforms-1503-field_2\" >\/ Selbstabholung Ihre<\/label>\n\t\t\t<input type=\"text\" id=\"wpforms-1503-field_2\" class=\"wpforms-field-medium\" name=\"wpforms[fields][2]\" >\n\t\t<\/div>\n\t\t<div id=\"wpforms-1503-field_13-container\" class=\"wpforms-field wpforms-field-email\" data-field-id=\"13\"><label class=\"wpforms-field-label\" for=\"wpforms-1503-field_13\">E-Mail-Adresse <span class=\"wpforms-required-label\" aria-hidden=\"true\">*<\/span><\/label><input type=\"email\" id=\"wpforms-1503-field_13\" class=\"wpforms-field-medium wpforms-field-required\" name=\"wpforms[fields][13]\" spellcheck=\"false\" aria-errormessage=\"wpforms-1503-field_13-error\" required><\/div><div id=\"wpforms-1503-field_10-container\" class=\"wpforms-field wpforms-field-text\" data-field-id=\"10\"><label class=\"wpforms-field-label\" for=\"wpforms-1503-field_10\">Telefonnummer <span class=\"wpforms-required-label\" aria-hidden=\"true\">*<\/span><\/label><input type=\"text\" id=\"wpforms-1503-field_10\" class=\"wpforms-field-medium wpforms-field-required\" name=\"wpforms[fields][10]\" aria-errormessage=\"wpforms-1503-field_10-error\" required><\/div><div id=\"wpforms-1503-field_4-container\" class=\"wpforms-field wpforms-field-select wpforms-field-select-style-modern\" data-field-id=\"4\"><label class=\"wpforms-field-label\" for=\"wpforms-1503-field_4\">Sitzungstermin <span class=\"wpforms-required-label\" aria-hidden=\"true\">*<\/span><\/label><select id=\"wpforms-1503-field_4\" class=\"wpforms-field-medium wpforms-field-required choicesjs-select\" data-size-class=\"wpforms-field-row wpforms-field-medium\" data-search-enabled=\"1\" name=\"wpforms[fields][4]\" required=\"required\"><option value=\"\" class=\"placeholder\" disabled  selected='selected'>&#8211; Bitte ausw\u00e4hlen &#8211;<\/option><option value=\"08.01.2027 - 19:30\"  class=\"choice-1 depth-1\"  >08.01.2027 &#8211; 19:30<\/option><option value=\"09.01.2027 - 18:00\"  class=\"choice-2 depth-1\"  >09.01.2027 &#8211; 18:00<\/option><option value=\"10.01.2027 - 16:00\"  class=\"choice-3 depth-1\"  >10.01.2027 &#8211; 16:00<\/option><option value=\"15.01.2027 - 19:30\"  class=\"choice-4 depth-1\"  >15.01.2027 &#8211; 19:30<\/option><option value=\"16.01.2027 - 18:00\"  class=\"choice-5 depth-1\"  >16.01.2027 &#8211; 18:00<\/option><option value=\"22.01.2027 - 19:30\"  class=\"choice-6 depth-1\"  >22.01.2027 &#8211; 19:30<\/option><option value=\"23.01.2027 - 18:00\"  class=\"choice-7 depth-1\"  >23.01.2027 &#8211; 18:00<\/option><option value=\"29.01.2027 - 19:30\"  class=\"choice-8 depth-1\"  >29.01.2027 &#8211; 19:30<\/option><option value=\"30.01.2027 - 18:00\"  class=\"choice-9 depth-1\"  >30.01.2027 &#8211; 18:00<\/option><\/select><\/div><div id=\"wpforms-1503-field_14-container\" class=\"wpforms-field wpforms-field-number-slider\" data-field-id=\"14\"><label class=\"wpforms-field-label\" for=\"wpforms-1503-field_14\">Anzahl der Karten<\/label>\n<input\n\ttype=\"range\"\n\tid=\"wpforms-1503-field_14\" class=\"wpforms-field-medium\" name=\"wpforms[fields][14]\" value=\"1\" aria-errormessage=\"wpforms-1503-field_14-error\" aria-describedby=\"wpforms-1503-field_14-description\"\t\tmin=\"1\"\n\tmax=\"12\"\n\tstep=\"1\">\n\n<div class=\"wpforms-field-number-slider-hint\"\n\tdata-hint=\"Gew\u00e4hlter Wert: {value}\">\n\tGew\u00e4hlter Wert: <b>1<\/b><\/div>\n<div id=\"wpforms-1503-field_14-description\" class=\"wpforms-field-description\">Bitte schieben Sie den Slider auf die gew\u00fcnschte Ticket-Anzahl. 12 Karten = 1 ganzer Tisch<\/div><\/div><div id=\"wpforms-1503-field_5-container\" class=\"wpforms-field wpforms-field-select wpforms-field-select-style-modern\" data-field-id=\"5\"><label class=\"wpforms-field-label\" for=\"wpforms-1503-field_5\">Versand \/ Selbstabholung <span class=\"wpforms-required-label\" aria-hidden=\"true\">*<\/span><\/label><select id=\"wpforms-1503-field_5\" class=\"wpforms-field-medium wpforms-field-required choicesjs-select\" data-size-class=\"wpforms-field-row wpforms-field-medium\" data-search-enabled=\"\" name=\"wpforms[fields][5]\" required=\"required\"><option value=\"\" class=\"placeholder\" disabled  selected='selected'>&#8211; Bitte ausw\u00e4hlen &#8211;<\/option><option value=\"Versand\"  class=\"choice-1 depth-1\"  >Versand<\/option><option value=\"Selbstabholung\"  class=\"choice-2 depth-1\"  >Selbstabholung<\/option><\/select><div id=\"wpforms-1503-field_5-description\" class=\"wpforms-field-description\">Versand: innerhalb von 5 Werktagen per Post zzgl Versandkosten pauschal \u20ac 3,00.- an obenstehende Adresse\nSelbstabholung: Stadtb\u00fccherei St. Andr\u00e4, 9433 St. Andr\u00e4 58 \/ MI-FR 13:00-17:00 bzw. nach Absprache mit Dominik Brei unter +436602209851<\/div><\/div><div id=\"wpforms-1503-field_6-container\" class=\"wpforms-field wpforms-field-textarea\" data-field-id=\"6\"><label class=\"wpforms-field-label\" for=\"wpforms-1503-field_6\">Anmerkungen \/ Ihre Nachricht<\/label><textarea id=\"wpforms-1503-field_6\" class=\"wpforms-field-medium\" name=\"wpforms[fields][6]\" placeholder=\"Hier k\u00f6nnen Sie uns W\u00fcnsche zu Sitzpl\u00e4tzen \u00fcbermitteln. Die Vergabe der Pl\u00e4tze richtet sich nach der tats\u00e4chlichen Verf\u00fcgbarkeit. Sollte der gew\u00fcnschte Bereich nicht verf\u00fcgbar sein, wird automatisch der am n\u00e4hesten zutreffende Platz reserviert.\" aria-errormessage=\"wpforms-1503-field_6-error\" ><\/textarea><\/div><script>\n\t\t\t\t( function() {\n\t\t\t\t\tconst style = document.createElement( 'style' );\n\t\t\t\t\tstyle.appendChild( document.createTextNode( '#wpforms-1503-field_2-container { position: absolute !important; overflow: hidden !important; display: inline !important; height: 1px !important; width: 1px !important; z-index: -1000 !important; padding: 0 !important; } #wpforms-1503-field_2-container input { visibility: hidden; } #wpforms-conversational-form-page #wpforms-1503-field_2-container label { counter-increment: none; }' ) );\n\t\t\t\t\tdocument.head.appendChild( style );\n\t\t\t\t\tdocument.currentScript?.remove();\n\t\t\t\t} )();\n\t\t\t<\/script><\/div><!-- .wpforms-field-container --><div class=\"wpforms-submit-container\" ><input type=\"hidden\" name=\"wpforms[id]\" value=\"1503\"><input type=\"hidden\" name=\"page_title\" value=\"\"><input type=\"hidden\" name=\"page_url\" value=\"https:\/\/www.niagnua.net\/index.php?rest_route=\/wp\/v2\/pages\/1385\"><input type=\"hidden\" name=\"url_referer\" value=\"\"><button type=\"submit\" name=\"wpforms[submit]\" id=\"wpforms-submit-1503\" class=\"wpforms-submit\" data-alt-text=\"wird gesendet...\" data-submit-text=\"Reservierung absenden\" aria-live=\"assertive\" value=\"wpforms-submit\">Reservierung absenden<\/button><img loading=\"lazy\" decoding=\"async\" src=\"https:\/\/www.niagnua.net\/wp-content\/plugins\/wpforms-lite\/assets\/images\/submit-spin.svg\" class=\"wpforms-submit-spinner\" style=\"display: none;\" width=\"26\" height=\"26\" alt=\"Wird geladen\"><\/div><\/form><\/div>  <!-- .wpforms-container --><\/div>\n<\/div>\n<\/div>\n","protected":false},"excerpt":{"rendered":"<p>Unsere Sitzungstermine f\u00fcr 2027 stehen bereits fest und wir bieten euch die M\u00f6glichkeit, bereits Karten f\u00fcr die kommende Spielsaison zu reservieren. Wir werden die Reservierung f\u00fcr das kommende Jahr aufnehmen und melden uns mit der Vergabe der Karten ab dem<\/p>\n","protected":false},"author":4,"featured_media":0,"parent":0,"menu_order":2,"comment_status":"closed","ping_status":"closed","template":"","meta":{"footnotes":""},"class_list":["post-1385","page","type-page","status-publish","hentry"],"_links":{"self":[{"href":"https:\/\/www.niagnua.net\/index.php?rest_route=\/wp\/v2\/pages\/1385","targetHints":{"allow":["GET"]}}],"collection":[{"href":"https:\/\/www.niagnua.net\/index.php?rest_route=\/wp\/v2\/pages"}],"about":[{"href":"https:\/\/www.niagnua.net\/index.php?rest_route=\/wp\/v2\/types\/page"}],"author":[{"embeddable":true,"href":"https:\/\/www.niagnua.net\/index.php?rest_route=\/wp\/v2\/users\/4"}],"replies":[{"embeddable":true,"href":"https:\/\/www.niagnua.net\/index.php?rest_route=%2Fwp%2Fv2%2Fcomments&post=1385"}],"version-history":[{"count":33,"href":"https:\/\/www.niagnua.net\/index.php?rest_route=\/wp\/v2\/pages\/1385\/revisions"}],"predecessor-version":[{"id":2030,"href":"https:\/\/www.niagnua.net\/index.php?rest_route=\/wp\/v2\/pages\/1385\/revisions\/2030"}],"wp:attachment":[{"href":"https:\/\/www.niagnua.net\/index.php?rest_route=%2Fwp%2Fv2%2Fmedia&parent=1385"}],"curies":[{"name":"wp","href":"https:\/\/api.w.org\/{rel}","templated":true}]}}